{"id":2,"date":"2016-06-18T15:30:31","date_gmt":"2016-06-18T13:30:31","guid":{"rendered":"http:\/\/localhost\/wordpress\/?page_id=2"},"modified":"2023-07-31T03:14:34","modified_gmt":"2023-07-31T01:14:34","slug":"page-d-exemple","status":"publish","type":"page","link":"https:\/\/www.videoweb37550.fr\/","title":{"rendered":"Accueil"},"content":{"rendered":"\n<p class=\"has-text-align-center\"><span style=\"font-size: 24pt;\"><strong>BIENVENUE A L\u2019H\u00d4TEL-RESTAURANT <\/strong><\/span><br><span style=\"font-size: 24pt;\"><strong>LE FAISAN DE SAINT-AVERTIN<\/strong><\/span><\/p>\n\n\n\n<p><\/p>\n\n\n<div class=\"wp-block-image\">\n<figure class=\"aligncenter size-full\"><img decoding=\"async\" loading=\"lazy\" width=\"800\" height=\"600\" src=\"https:\/\/www.videoweb37550.fr\/wp-content\/uploads\/2023\/07\/beleteaufaisan.jpg\" alt=\"\" class=\"wp-image-387\" srcset=\"https:\/\/www.videoweb37550.fr\/wp-content\/uploads\/2023\/07\/beleteaufaisan.jpg 800w, https:\/\/www.videoweb37550.fr\/wp-content\/uploads\/2023\/07\/beleteaufaisan-559x419.jpg 559w, https:\/\/www.videoweb37550.fr\/wp-content\/uploads\/2023\/07\/beleteaufaisan-768x576.jpg 768w\" sizes=\"(max-width: 800px) 100vw, 800px\" \/><\/figure><\/div>\n\n\n<p><\/p>\n\n\n\n<p>Situ\u00e9 \u00e0 proximit\u00e9 du parc des expositions Le Grand Hall de Tours&nbsp;et des Ch\u00e2teaux au c\u0153ur du Val de Loire,&nbsp;Pascal Bourgueil et toute son \u00e9quipe sont heureux de vous accueillir&nbsp;toute l&#8217;ann\u00e9e dans leur&nbsp;H\u00f4tel-Restaurant Le Faisan, \u00e0 Saint-Avertin.<\/p>\n\n\n\n<figure class=\"wp-block-table\"><table><tbody><tr><td><img decoding=\"async\" loading=\"lazy\" width=\"2560\" height=\"1920\" class=\"wp-image-320\" style=\"width: 500px;\" src=\"https:\/\/www.videoweb37550.fr\/wp-content\/uploads\/2023\/06\/chambre-1-scaled.jpg\" alt=\"\" srcset=\"https:\/\/www.videoweb37550.fr\/wp-content\/uploads\/2023\/06\/chambre-1-scaled.jpg 2560w, https:\/\/www.videoweb37550.fr\/wp-content\/uploads\/2023\/06\/chambre-1-559x419.jpg 559w, https:\/\/www.videoweb37550.fr\/wp-content\/uploads\/2023\/06\/chambre-1-1024x768.jpg 1024w, https:\/\/www.videoweb37550.fr\/wp-content\/uploads\/2023\/06\/chambre-1-768x576.jpg 768w, https:\/\/www.videoweb37550.fr\/wp-content\/uploads\/2023\/06\/chambre-1-1536x1152.jpg 1536w, https:\/\/www.videoweb37550.fr\/wp-content\/uploads\/2023\/06\/chambre-1-2048x1536.jpg 2048w\" sizes=\"(max-width: 2560px) 100vw, 2560px\" \/><\/td><td><img decoding=\"async\" loading=\"lazy\" width=\"500\" height=\"375\" class=\"wp-image-394\" style=\"width: 500px;\" src=\"https:\/\/www.videoweb37550.fr\/wp-content\/uploads\/2023\/07\/chambrefaisan.jpg\" alt=\"\"><\/td><\/tr><\/tbody><\/table><\/figure>\n\n\n\n<figure class=\"wp-block-table\"><table><tbody><tr><td><img decoding=\"async\" loading=\"lazy\" width=\"2048\" height=\"1536\" class=\"wp-image-316\" style=\"width: 500px;\" src=\"https:\/\/www.videoweb37550.fr\/wp-content\/uploads\/2023\/06\/restaurant-1.jpg\" alt=\"\" srcset=\"https:\/\/www.videoweb37550.fr\/wp-content\/uploads\/2023\/06\/restaurant-1.jpg 2048w, https:\/\/www.videoweb37550.fr\/wp-content\/uploads\/2023\/06\/restaurant-1-559x419.jpg 559w, https:\/\/www.videoweb37550.fr\/wp-content\/uploads\/2023\/06\/restaurant-1-1024x768.jpg 1024w, https:\/\/www.videoweb37550.fr\/wp-content\/uploads\/2023\/06\/restaurant-1-768x576.jpg 768w, https:\/\/www.videoweb37550.fr\/wp-content\/uploads\/2023\/06\/restaurant-1-1536x1152.jpg 1536w\" sizes=\"(max-width: 2048px) 100vw, 2048px\" \/><\/td><td><img decoding=\"async\" loading=\"lazy\" width=\"2048\" height=\"1536\" class=\"wp-image-319\" style=\"width: 500px;\" src=\"https:\/\/www.videoweb37550.fr\/wp-content\/uploads\/2023\/06\/restaurant1-2.jpg\" alt=\"\" srcset=\"https:\/\/www.videoweb37550.fr\/wp-content\/uploads\/2023\/06\/restaurant1-2.jpg 2048w, https:\/\/www.videoweb37550.fr\/wp-content\/uploads\/2023\/06\/restaurant1-2-559x419.jpg 559w, https:\/\/www.videoweb37550.fr\/wp-content\/uploads\/2023\/06\/restaurant1-2-1024x768.jpg 1024w, https:\/\/www.videoweb37550.fr\/wp-content\/uploads\/2023\/06\/restaurant1-2-768x576.jpg 768w, https:\/\/www.videoweb37550.fr\/wp-content\/uploads\/2023\/06\/restaurant1-2-1536x1152.jpg 1536w\" sizes=\"(max-width: 2048px) 100vw, 2048px\" \/><\/td><\/tr><\/tbody><\/table><\/figure>\n\n\n\n<p><\/p>\n\n\n\n<h3 class=\"wp-block-heading\">Pour venir \u00e0 Saint-Avertin, nombreux transports s&#8217;offrent \u00e0 vous :<\/h3>\n\n\n\n<ul>\n<li>A pied : A 10m du chemin de Saint&nbsp;Jacques&nbsp;de&nbsp;Compostelle<\/li>\n\n\n\n<li><em>En V\u00e9lo : Situ\u00e9\u00a0\u00e0 2,8km du circuit <\/em>&#8220;<em><a rel=\"noreferrer noopener\" href=\"https:\/\/www.loireavelo.fr\" target=\"_blank\">la Loire \u00e0 V\u00e9lo<\/a><\/em>&#8220;<em>, labellis\u00e9\u00a0<\/em>&#8220;<em><a rel=\"noreferrer noopener\" href=\"https:\/\/www.francevelotourisme.com\" target=\"_blank\">Accueil V\u00e9lo<\/a><\/em>&#8220;<\/li>\n\n\n\n<li><em>En bus : Retrouvez votre itin\u00e9raire avec <a rel=\"noreferrer noopener\" href=\"https:\/\/www.filbleu.fr\" target=\"_blank\">Fil Bleu<\/a>, Arr\u00eat <\/em>&#8220;<em>Nouvel Atrium<\/em>&#8220;<\/li>\n\n\n\n<li><em>En train : A&nbsp;moins d\u2019une heure de Paris,&nbsp;gare de Saint Pierre des Corps<\/em><\/li>\n\n\n\n<li><em>Par autoroute : Sortie et entr\u00e9e Saint-Avertin : Autoroute A 10<\/em><\/li>\n\n\n\n<li><em>Par avion : <a target=\"_blank\" href=\"http:\/\/www.tours.aeroport.fr\/\" rel=\"noreferrer noopener\">A\u00e9roport Tours Val de Loire<\/a><\/em><\/li>\n<\/ul>\n\n\n\n<p><\/p>\n\n\n\n<h3 class=\"wp-block-heading\">Des stationnements&nbsp;dans notre cour mais \u00e9galement \u00e0 proximit\u00e9&nbsp;:<\/h3>\n\n\n\n<p><a rel=\"noreferrer noopener\" href=\"http:\/\/www.hotel-restaurant-lefaisan.fr\/datas\/268\/3-accueil\/parcking.jpg\" target=\"_blank\">\u200b\u200b\u200b\u200b\u200b\u200b\u200b<\/a>&nbsp;3 parkings, en plus de celui de l&#8217;h\u00f4tel, \u00e0 moins de 3 minutes \u00e0 pied<\/p>\n\n\n\n<iframe src=\"https:\/\/www.google.com\/maps\/embed?pb=!1m14!1m12!1m3!1d1351.1364253304585!2d0.7276708714316876!3d47.36759289748391!2m3!1f0!2f0!3f0!3m2!1i1024!2i768!4f13.1!5e0!3m2!1sfr!2sfr!4v1690751939718!5m2!1sfr!2sfr\" width=\"600\" height=\"450\" style=\"border:0;\" allowfullscreen=\"\" loading=\"lazy\" referrerpolicy=\"no-referrer-when-downgrade\"><\/iframe>\n\n\n\n<p><\/p>\n\n\n\n<h2 class=\"wp-block-heading\">H\u00f4tel-Restaurant&nbsp;LE FAISAN<\/h2>\n\n\n\n<p><strong>7 &#8211; 9 rue de Lar\u00e7ay<br>\u200b\u200b\u200b\u200b\u200b\u200b\u200b37550 SAINT-AVERTIN&nbsp;<br>T\u00e9l\u00e9phone : 02 47 27 02 08\u200b\u200b\u200b\u200b\u200b\u200b\u200b<\/strong><\/p>\n\n\n\n<p><strong>Email : <a href=\"mailto:le.faisan.hotel@orange.fr\" target=\"_blank\" rel=\"noreferrer noopener\">le.faisan.hotel@orange.fr<\/a><\/strong><\/p>\n","protected":false},"excerpt":{"rendered":"<p>BIENVENUE A L\u2019H\u00d4TEL-RESTAURANT LE FAISAN DE SAINT-AVERTIN Situ\u00e9 \u00e0 proximit\u00e9 du parc des expositions Le Grand Hall de Tours&nbsp;et des Ch\u00e2teaux au c\u0153ur du Val de Loire,&nbsp;Pascal Bourgueil et toute son \u00e9quipe sont heureux de vous accueillir&nbsp;toute l&#8217;ann\u00e9e dans leur&nbsp;H\u00f4tel-Restaurant Le Faisan, \u00e0 Saint-Avertin. Pour venir \u00e0 Saint-Avertin, nombreux transports s&#8217;offrent \u00e0 vous : Des&#8230;<\/p>\n<p class=\"more-link-wrap\"><a href=\"https:\/\/www.videoweb37550.fr\/\" class=\"more-link\">Read More<span class=\"screen-reader-text\"> &ldquo;Accueil&rdquo;<\/span> &raquo;<\/a><\/p>\n","protected":false},"author":1,"featured_media":0,"parent":0,"menu_order":0,"comment_status":"closed","ping_status":"open","template":"","meta":[],"_links":{"self":[{"href":"https:\/\/www.videoweb37550.fr\/index.php\/wp-json\/wp\/v2\/pages\/2"}],"collection":[{"href":"https:\/\/www.videoweb37550.fr\/index.php\/wp-json\/wp\/v2\/pages"}],"about":[{"href":"https:\/\/www.videoweb37550.fr\/index.php\/wp-json\/wp\/v2\/types\/page"}],"author":[{"embeddable":true,"href":"https:\/\/www.videoweb37550.fr\/index.php\/wp-json\/wp\/v2\/users\/1"}],"replies":[{"embeddable":true,"href":"https:\/\/www.videoweb37550.fr\/index.php\/wp-json\/wp\/v2\/comments?post=2"}],"version-history":[{"count":32,"href":"https:\/\/www.videoweb37550.fr\/index.php\/wp-json\/wp\/v2\/pages\/2\/revisions"}],"predecessor-version":[{"id":411,"href":"https:\/\/www.videoweb37550.fr\/index.php\/wp-json\/wp\/v2\/pages\/2\/revisions\/411"}],"wp:attachment":[{"href":"https:\/\/www.videoweb37550.fr\/index.php\/wp-json\/wp\/v2\/media?parent=2"}],"curies":[{"name":"wp","href":"https:\/\/api.w.org\/{rel}","templated":true}]}}